{"id":1854,"date":"2022-01-05T00:34:43","date_gmt":"2022-01-05T00:34:43","guid":{"rendered":"https:\/\/adlyonline.com\/?post_type=product&#038;p=1854"},"modified":"2022-01-05T00:41:14","modified_gmt":"2022-01-05T00:41:14","slug":"be-loved-by-allah","status":"publish","type":"product","link":"https:\/\/adlyonline.com\/index.php\/product\/be-loved-by-allah\/","title":{"rendered":"Be Loved by Allah"},"content":{"rendered":"<p><strong>Summary:<\/strong><\/p>\n<div>\n<p>Are there any indicators that we have achieved Allah\u2019s love?\u00a0The answer is, \u201cyes.\u201d One of the signs that Allah loves someone is the acceptance of others he\/she attains. The Prophet (pbuh) said, in the\u00a0<i>\u1e25ad\u012bth\u00a0<\/i>collected by al-Bukh\u0101r\u012b on the authority of Ab\u016b Hurayrah:<\/p>\n<\/div>\n<p><i>\u201cIf Allah loves a person, He calls Gabriel saying: \u2018Allah loves so and so; O Gabriel, love him.\u2019 Gabriel in turn loves him. Gabriel then proclaims among the residents of the Heaven: \u2018Allah loves so-and-so; therefore, you should love him also.\u2019 So, all the residents of the Heavens in turn love him\/her. He\/she is then granted the acceptance of the earth\u2019s inhabitants.\u201d<\/i><\/p>\n","protected":false},"excerpt":{"rendered":"<p>Summary: Are there any indicators that we have achieved Allah\u2019s love?\u00a0The answer is, \u201cyes.\u201d One of the signs that Allah loves someone is the acceptance of others he\/she attains. The Prophet (pbuh) said, in the\u00a0\u1e25ad\u012bth\u00a0collected by al-Bukh\u0101r\u012b on the authority of Ab\u016b Hurayrah: \u201cIf Allah loves a person, He calls Gabriel saying: \u2018Allah loves so [&hellip;]<\/p>\n","protected":false},"featured_media":1855,"comment_status":"open","ping_status":"closed","template":"","meta":{"spay_email":""},"product_cat":[20,28],"product_tag":[],"_links":{"self":[{"href":"https:\/\/adlyonline.com\/index.php\/wp-json\/wp\/v2\/product\/1854"}],"collection":[{"href":"https:\/\/adlyonline.com\/index.php\/wp-json\/wp\/v2\/product"}],"about":[{"href":"https:\/\/adlyonline.com\/index.php\/wp-json\/wp\/v2\/types\/product"}],"replies":[{"embeddable":true,"href":"https:\/\/adlyonline.com\/index.php\/wp-json\/wp\/v2\/comments?post=1854"}],"wp:featuredmedia":[{"embeddable":true,"href":"https:\/\/adlyonline.com\/index.php\/wp-json\/wp\/v2\/media\/1855"}],"wp:attachment":[{"href":"https:\/\/adlyonline.com\/index.php\/wp-json\/wp\/v2\/media?parent=1854"}],"wp:term":[{"taxonomy":"product_cat","embeddable":true,"href":"https:\/\/adlyonline.com\/index.php\/wp-json\/wp\/v2\/product_cat?post=1854"},{"taxonomy":"product_tag","embeddable":true,"href":"https:\/\/adlyonline.com\/index.php\/wp-json\/wp\/v2\/product_tag?post=1854"}],"curies":[{"name":"wp","href":"https:\/\/api.w.org\/{rel}","templated":true}]}}