{"id":2627,"date":"2022-05-08T00:08:29","date_gmt":"2022-05-08T00:08:29","guid":{"rendered":"https:\/\/adlyonline.com\/?post_type=product&#038;p=2627"},"modified":"2022-06-22T01:13:04","modified_gmt":"2022-06-22T01:13:04","slug":"40-hadith-for-islamic-schools-part-ii","status":"publish","type":"product","link":"https:\/\/adlyonline.com\/index.php\/product\/40-hadith-for-islamic-schools-part-ii\/","title":{"rendered":"40 Hadith for Islamic Schools: Part 2 (eBook)"},"content":{"rendered":"<p><em>Forty \u0124ad\u012bth For Islamic Schools Part 2<\/em>\u00a0is a collection of selected <em>a<\/em><em>\u0125<\/em><em>\u0101d<\/em><em>\u012b<\/em><em><u>th<\/u><\/em> from the sayings of our beloved Prophet Muhammad (peace be upon him), the teacher and the leader of all humanity, collected by the slave servant of All\u0101h, Abul \u0102b\u0101dilah Muhammad S. \u0102dly. The intent is that this collection will be of value to the students of the Islamic schools in America. I did my best to select short <em>a<\/em><em>\u0125<\/em><em>\u0101d<\/em><em>\u012b<\/em><em><u>th<\/u><\/em><em>,<\/em> which will make it easier on the students to memorize and understand. It is written in an easy way to read, accompanied by brief explanations and activities and word-for-word translations. I did my best to make this collection cover the subject of <em>Tar<u>gh<\/u>\u012bb<\/em> and <em>Tarh\u012bb<\/em> (Hope and Fear).\u00a0 I have only included in this collection authentic <em>a<\/em><em>\u0125<\/em><em>\u0101d<\/em><em>\u012b<\/em><em><u>th.<\/u><\/em><\/p>\n<p>&nbsp;<\/p>\n","protected":false},"excerpt":{"rendered":"<p><em>Forty \u0124ad\u012bth For Islamic Schools Part 2<\/em> is the second part to <em>Forty \u0124ad\u012bth For Islamic Schools Part 1<\/em>.<\/p>\n","protected":false},"featured_media":2628,"comment_status":"open","ping_status":"closed","template":"","meta":{"spay_email":""},"product_cat":[35],"product_tag":[],"_links":{"self":[{"href":"https:\/\/adlyonline.com\/index.php\/wp-json\/wp\/v2\/product\/2627"}],"collection":[{"href":"https:\/\/adlyonline.com\/index.php\/wp-json\/wp\/v2\/product"}],"about":[{"href":"https:\/\/adlyonline.com\/index.php\/wp-json\/wp\/v2\/types\/product"}],"replies":[{"embeddable":true,"href":"https:\/\/adlyonline.com\/index.php\/wp-json\/wp\/v2\/comments?post=2627"}],"wp:featuredmedia":[{"embeddable":true,"href":"https:\/\/adlyonline.com\/index.php\/wp-json\/wp\/v2\/media\/2628"}],"wp:attachment":[{"href":"https:\/\/adlyonline.com\/index.php\/wp-json\/wp\/v2\/media?parent=2627"}],"wp:term":[{"taxonomy":"product_cat","embeddable":true,"href":"https:\/\/adlyonline.com\/index.php\/wp-json\/wp\/v2\/product_cat?post=2627"},{"taxonomy":"product_tag","embeddable":true,"href":"https:\/\/adlyonline.com\/index.php\/wp-json\/wp\/v2\/product_tag?post=2627"}],"curies":[{"name":"wp","href":"https:\/\/api.w.org\/{rel}","templated":true}]}}